{"id":7254,"date":"2022-02-21T16:45:17","date_gmt":"2022-02-21T16:45:17","guid":{"rendered":"https:\/\/moakot.is\/?post_type=product&#038;p=7254"},"modified":"2022-09-18T15:31:25","modified_gmt":"2022-09-18T15:31:25","slug":"tofa","status":"publish","type":"product","link":"https:\/\/moakot.is\/en\/product\/tofa\/","title":{"rendered":"T\u00f3fa"},"content":{"rendered":"","protected":false},"excerpt":{"rendered":"<p>T\u00f3fa is knitted top-down with a single strand of pl\u00f6tulopi from \u00cdstex. The sweater is extremely light and comfortable.<\/p>\n<p>Yarn: Icelandic pl\u00f6tulopi, 100% wool<\/p>\n<p>Sizes : One size<\/p>\n<p>Chest circumference: 114 cm<\/p>\n<p>&nbsp;<\/p>\n<p>Knitting gauge: 19 sts x 26 rows = 10 x 10 cm (4 x 4 inches) in stockinette stitches on 4,5 mm needles (US 7)<\/p>\n","protected":false},"featured_media":7187,"template":"","meta":[],"product_brand":[],"product_cat":[64,61],"product_tag":[],"class_list":{"0":"post-7254","1":"product","2":"type-product","3":"status-publish","4":"has-post-thumbnail","6":"product_cat-female","7":"product_cat-patterns-patterns","9":"first","10":"instock","11":"taxable","12":"shipping-taxable","13":"purchasable","14":"product-type-variable"},"_links":{"self":[{"href":"https:\/\/moakot.is\/en\/wp-json\/wp\/v2\/product\/7254","targetHints":{"allow":["GET"]}}],"collection":[{"href":"https:\/\/moakot.is\/en\/wp-json\/wp\/v2\/product"}],"about":[{"href":"https:\/\/moakot.is\/en\/wp-json\/wp\/v2\/types\/product"}],"wp:featuredmedia":[{"embeddable":true,"href":"https:\/\/moakot.is\/en\/wp-json\/wp\/v2\/media\/7187"}],"wp:attachment":[{"href":"https:\/\/moakot.is\/en\/wp-json\/wp\/v2\/media?parent=7254"}],"wp:term":[{"taxonomy":"product_brand","embeddable":true,"href":"https:\/\/moakot.is\/en\/wp-json\/wp\/v2\/product_brand?post=7254"},{"taxonomy":"product_cat","embeddable":true,"href":"https:\/\/moakot.is\/en\/wp-json\/wp\/v2\/product_cat?post=7254"},{"taxonomy":"product_tag","embeddable":true,"href":"https:\/\/moakot.is\/en\/wp-json\/wp\/v2\/product_tag?post=7254"}],"curies":[{"name":"wp","href":"https:\/\/api.w.org\/{rel}","templated":true}]}}