{"id":5524,"date":"2020-11-30T23:17:06","date_gmt":"2020-11-30T23:17:06","guid":{"rendered":"https:\/\/moakot.is\/vara\/mobjorg\/"},"modified":"2021-02-23T20:10:41","modified_gmt":"2021-02-23T20:10:41","slug":"mobjorg","status":"publish","type":"product","link":"https:\/\/moakot.is\/en\/product\/mobjorg\/","title":{"rendered":"M\u00f3bj\u00f6rg"},"content":{"rendered":"","protected":false},"excerpt":{"rendered":"<p>The cardigan is knitted in a round from the bottom up. The original M\u00f3bjorg was knitted with Icelandic Einband from \u00cdstex. M\u00f3bj\u00f6rg can also be knitted with Tukuwool (last image) or Isager Tweed (second image).<\/p>\n<p>Yarn: Einband<\/p>\n<p>Sizes : S &#8211; M &#8211; L<\/p>\n<p>Chest circumference: 86- 93 &#8211; 98 cm <\/p>\n<p>Knitting gauge: 24 sts x 36 rows = 10 x 10 cm (4 x 4 inches) in stockinette stitches on 3,5 mm needles (US 4)<\/p>\n","protected":false},"featured_media":5159,"template":"","meta":[],"product_brand":[],"product_cat":[64,61],"product_tag":[],"class_list":{"0":"post-5524","1":"product","2":"type-product","3":"status-publish","4":"has-post-thumbnail","6":"product_cat-female","7":"product_cat-patterns-patterns","9":"first","10":"instock","11":"taxable","12":"shipping-taxable","13":"purchasable","14":"product-type-variable"},"_links":{"self":[{"href":"https:\/\/moakot.is\/en\/wp-json\/wp\/v2\/product\/5524","targetHints":{"allow":["GET"]}}],"collection":[{"href":"https:\/\/moakot.is\/en\/wp-json\/wp\/v2\/product"}],"about":[{"href":"https:\/\/moakot.is\/en\/wp-json\/wp\/v2\/types\/product"}],"wp:featuredmedia":[{"embeddable":true,"href":"https:\/\/moakot.is\/en\/wp-json\/wp\/v2\/media\/5159"}],"wp:attachment":[{"href":"https:\/\/moakot.is\/en\/wp-json\/wp\/v2\/media?parent=5524"}],"wp:term":[{"taxonomy":"product_brand","embeddable":true,"href":"https:\/\/moakot.is\/en\/wp-json\/wp\/v2\/product_brand?post=5524"},{"taxonomy":"product_cat","embeddable":true,"href":"https:\/\/moakot.is\/en\/wp-json\/wp\/v2\/product_cat?post=5524"},{"taxonomy":"product_tag","embeddable":true,"href":"https:\/\/moakot.is\/en\/wp-json\/wp\/v2\/product_tag?post=5524"}],"curies":[{"name":"wp","href":"https:\/\/api.w.org\/{rel}","templated":true}]}}