{"id":5512,"date":"2020-11-30T21:55:29","date_gmt":"2020-11-30T21:55:29","guid":{"rendered":"https:\/\/moakot.is\/vara\/von-kk\/"},"modified":"2021-12-29T19:20:06","modified_gmt":"2021-12-29T19:20:06","slug":"von-kk","status":"publish","type":"product","link":"https:\/\/moakot.is\/en\/product\/von-kk\/","title":{"rendered":"Von"},"content":{"rendered":"","protected":false},"excerpt":{"rendered":"<p>The sweater is knitted in a round from the bottom up. This pattern does not include yarn information. Von has been test knitted by using Double treat of pl\u00f6tulopi, Hip mohair (double treat), Brushed Alpaca from Sandnes Garn and Knoll merino wool.<\/p>\n<p>Efni: Peysuna m\u00e1 prj\u00f3na \u00far \u00f6llu ullarbandi sem hentar prj\u00f3nst\u00e6r\u00f0 5,5. Garn sem hentar vel er: Tv\u00f6faldur pl\u00f6tulopi, Hip mohair (tv\u00f6faldur \u00fer\u00e1\u00f0ur), Burstu\u00f0 alpaca fr\u00e1 Sandes og Knoll merino ull.<\/p>\n<p>Sizes: S &#8211; M &#8211; L &#8211; XL &#8211; XXL<\/p>\n<p>Chest circumference : 95- 100 &#8211; 105 &#8211; 110 &#8211; 115 cm <\/p>\n<p>Knitting gauge: 16 sts x 22 rows = 10 x 10 cm (4 x 4 inches) in stockinette stitches on 5,5 mm needles (US 9)<\/p>\n","protected":false},"featured_media":5142,"template":"","meta":[],"product_brand":[],"product_cat":[63,61],"product_tag":[],"class_list":{"0":"post-5512","1":"product","2":"type-product","3":"status-publish","4":"has-post-thumbnail","6":"product_cat-male","7":"product_cat-patterns-patterns","9":"first","10":"instock","11":"taxable","12":"shipping-taxable","13":"purchasable","14":"product-type-variable"},"_links":{"self":[{"href":"https:\/\/moakot.is\/en\/wp-json\/wp\/v2\/product\/5512","targetHints":{"allow":["GET"]}}],"collection":[{"href":"https:\/\/moakot.is\/en\/wp-json\/wp\/v2\/product"}],"about":[{"href":"https:\/\/moakot.is\/en\/wp-json\/wp\/v2\/types\/product"}],"wp:featuredmedia":[{"embeddable":true,"href":"https:\/\/moakot.is\/en\/wp-json\/wp\/v2\/media\/5142"}],"wp:attachment":[{"href":"https:\/\/moakot.is\/en\/wp-json\/wp\/v2\/media?parent=5512"}],"wp:term":[{"taxonomy":"product_brand","embeddable":true,"href":"https:\/\/moakot.is\/en\/wp-json\/wp\/v2\/product_brand?post=5512"},{"taxonomy":"product_cat","embeddable":true,"href":"https:\/\/moakot.is\/en\/wp-json\/wp\/v2\/product_cat?post=5512"},{"taxonomy":"product_tag","embeddable":true,"href":"https:\/\/moakot.is\/en\/wp-json\/wp\/v2\/product_tag?post=5512"}],"curies":[{"name":"wp","href":"https:\/\/api.w.org\/{rel}","templated":true}]}}