{"id":5241,"date":"2020-11-30T23:19:45","date_gmt":"2020-11-30T23:19:45","guid":{"rendered":"https:\/\/moakot.is\/vara\/thjodbjorg\/"},"modified":"2021-01-25T20:57:36","modified_gmt":"2021-01-25T20:57:36","slug":"thjodbjorg","status":"publish","type":"product","link":"https:\/\/moakot.is\/en\/product\/thjodbjorg\/","title":{"rendered":"\u00dej\u00f3\u00f0bj\u00f6rg"},"content":{"rendered":"","protected":false},"excerpt":{"rendered":"<p>The cardigan is knitted in a round from the bottom up. The original \u00dej\u00f3\u00f0bj\u00f6rg was knitted with Icelandic Einband from \u00cdstex but can also be knitted with Tukuwool fingering or Isager Tweed and Isager alpaca 2 (see last image).<\/p>\n<p>Yarn: Einband<\/p>\n<p>Sizes : S &#8211; M &#8211; L<\/p>\n<p>Chest circumference: 86- 93 &#8211; 98 cm <\/p>\n<p>Knitting gauge: 24 sts x 36 rows = 10 x 10 cm (4 x 4 inches) in stockinette stitches on 3,5 mm needles (US 4)<\/p>\n","protected":false},"featured_media":5160,"template":"","meta":[],"product_brand":[],"product_cat":[64,61],"product_tag":[],"class_list":{"0":"post-5241","1":"product","2":"type-product","3":"status-publish","4":"has-post-thumbnail","6":"product_cat-female","7":"product_cat-patterns-patterns","9":"first","10":"instock","11":"taxable","12":"shipping-taxable","13":"purchasable","14":"product-type-variable"},"_links":{"self":[{"href":"https:\/\/moakot.is\/en\/wp-json\/wp\/v2\/product\/5241","targetHints":{"allow":["GET"]}}],"collection":[{"href":"https:\/\/moakot.is\/en\/wp-json\/wp\/v2\/product"}],"about":[{"href":"https:\/\/moakot.is\/en\/wp-json\/wp\/v2\/types\/product"}],"wp:featuredmedia":[{"embeddable":true,"href":"https:\/\/moakot.is\/en\/wp-json\/wp\/v2\/media\/5160"}],"wp:attachment":[{"href":"https:\/\/moakot.is\/en\/wp-json\/wp\/v2\/media?parent=5241"}],"wp:term":[{"taxonomy":"product_brand","embeddable":true,"href":"https:\/\/moakot.is\/en\/wp-json\/wp\/v2\/product_brand?post=5241"},{"taxonomy":"product_cat","embeddable":true,"href":"https:\/\/moakot.is\/en\/wp-json\/wp\/v2\/product_cat?post=5241"},{"taxonomy":"product_tag","embeddable":true,"href":"https:\/\/moakot.is\/en\/wp-json\/wp\/v2\/product_tag?post=5241"}],"curies":[{"name":"wp","href":"https:\/\/api.w.org\/{rel}","templated":true}]}}