{"id":4710,"date":"2020-12-04T09:54:21","date_gmt":"2020-12-04T09:54:21","guid":{"rendered":"https:\/\/moakot.is\/moakot\/"},"modified":"2021-02-20T16:26:41","modified_gmt":"2021-02-20T16:26:41","slug":"moakot","status":"publish","type":"page","link":"https:\/\/moakot.is\/en\/moakot\/","title":{"rendered":"M\u00f3akot"},"content":{"rendered":"<p>[vc_row][vc_column width=&#8221;1\/2&#8243;][vc_column_text spacing_heading=&#8221;&#8221; margin_top=&#8221;50&#8243; margin_bottom=&#8221;200&#8243; spacing_heading_tab=&#8221;&#8221; spacing_heading_mobile=&#8221;&#8221;]<\/p>\n<p style=\"text-align: left;\">M\u00f3akot is a name of a small farm on Vatnsleysustr\u00f6nd. The farm as now been abandoned for many years but in 1879 my great-grandmother Krist\u00edn J\u00f3nsd\u00f3ttir bought the farm only twenty years old at the time. She was a farmer and later married Bjarni Sigur\u00f0sson, my great-grandfather. They lived at M\u00f3akot until 1923, when they moved to Hafnarfj\u00f6r\u00f0ur. My grandmother Margr\u00e9t was their only daughter and lived most of her life in Hafnarfj\u00f6r\u00f0ur. She taught me to how knit as a child. She passed away in 1983. As can be understood my brand name M\u00f3akot is very dear to me since it connects me to my roots.<\/p>\n<p>[\/vc_column_text][\/vc_column][vc_column width=&#8221;1\/2&#8243;]<div class=\" agni-image custom-image-container agni-image-default text-center\">\r\n\t\t\t<figure class=\"agni-image-figure\">\r\n\t\t\t\t<img decoding=\"async\"  width=\"480\" height=\"480\" src=\"https:\/\/moakot.is\/wp-content\/uploads\/2020\/09\/Margret_m002-1.jpg\" class=\"fullwidth-image attachment-full  attachment-full\" alt=\"\" title=\"Margret_m002-1\" srcset=\"https:\/\/moakot.is\/wp-content\/uploads\/2020\/09\/Margret_m002-1.jpg 480w, https:\/\/moakot.is\/wp-content\/uploads\/2020\/09\/Margret_m002-1-100x100.jpg 100w, https:\/\/moakot.is\/wp-content\/uploads\/2020\/09\/Margret_m002-1-300x300.jpg 300w, https:\/\/moakot.is\/wp-content\/uploads\/2020\/09\/Margret_m002-1-150x150.jpg 150w\" sizes=\"(max-width: 480px) 100vw, 480px\" \/>\r\n\t\t\t\t<figcaption class=\"vc_figure-caption\"><\/figcaption>\r\n\t\t\t<\/figure>\r\n\t\t<\/div>[\/vc_column][\/vc_row][vc_row][vc_column width=&#8221;1\/2&#8243;]<div class=\" agni-image custom-image-container agni-image-default text-left\">\r\n\t\t\t<figure class=\"agni-image-figure\">\r\n\t\t\t\t<img decoding=\"async\"  width=\"2560\" height=\"2156\" src=\"https:\/\/moakot.is\/wp-content\/uploads\/2020\/09\/A76A6615-scaled.jpg\" class=\"fullwidth-image attachment-full  attachment-full\" alt=\"\" title=\"A76A6615\" srcset=\"https:\/\/moakot.is\/wp-content\/uploads\/2020\/09\/A76A6615-scaled.jpg 2560w, https:\/\/moakot.is\/wp-content\/uploads\/2020\/09\/A76A6615-scaled-800x674.jpg 800w, https:\/\/moakot.is\/wp-content\/uploads\/2020\/09\/A76A6615-300x253.jpg 300w, https:\/\/moakot.is\/wp-content\/uploads\/2020\/09\/A76A6615-1024x863.jpg 1024w, https:\/\/moakot.is\/wp-content\/uploads\/2020\/09\/A76A6615-768x647.jpg 768w, https:\/\/moakot.is\/wp-content\/uploads\/2020\/09\/A76A6615-1536x1294.jpg 1536w, https:\/\/moakot.is\/wp-content\/uploads\/2020\/09\/A76A6615-2048x1725.jpg 2048w\" sizes=\"(max-width: 2560px) 100vw, 2560px\" \/>\r\n\t\t\t\t<figcaption class=\"vc_figure-caption\"><\/figcaption>\r\n\t\t\t<\/figure>\r\n\t\t<\/div>[\/vc_column][vc_column width=&#8221;1\/2&#8243;][vc_column_text margin_top=&#8221;100&#8243;]I call my sweaters Settlements Daughters and Sons. I emphasize on natural material in my design, but my sweaters are only knitted from pure wool, cotton, linen. Today there is an innumerable supply of quality yarn and it is often difficult to choose one over the other. Of course we all have our favorite yarn and I encourage you dear knitters to take your liberty and choose for yourself which yarn you knit my sweaters in. If you choose another yarn, make sure that the knitting gauge is the same as given in the pattern for best result.<\/p>\n<p>Good luck[\/vc_column_text][\/vc_column][\/vc_row][vc_row][vc_column][\/vc_column][\/vc_row]<\/p>\n","protected":false},"excerpt":{"rendered":"<p>[vc_row][vc_column width=&#8221;1\/2&#8243;][vc_column_text spacing_heading=&#8221;&#8221; margin_top=&#8221;50&#8243; margin_bottom=&#8221;200&#8243; spacing_heading_tab=&#8221;&#8221; spacing_heading_mobile=&#8221;&#8221;] M\u00f3akot is a name of a small farm on Vatnsleysustr\u00f6nd. The farm as now been abandoned for many years but in 1879 my great-grandmother Krist\u00edn J\u00f3nsd\u00f3ttir bought the farm only twenty years old at the time. She was a farmer and later married Bjarni Sigur\u00f0sson, my great-grandfather. They [&hellip;]<\/p>\n","protected":false},"author":1,"featured_media":0,"parent":0,"menu_order":0,"comment_status":"closed","ping_status":"closed","template":"","meta":{"footnotes":""},"class_list":["post-4710","page","type-page","status-publish","hentry"],"_links":{"self":[{"href":"https:\/\/moakot.is\/en\/wp-json\/wp\/v2\/pages\/4710","targetHints":{"allow":["GET"]}}],"collection":[{"href":"https:\/\/moakot.is\/en\/wp-json\/wp\/v2\/pages"}],"about":[{"href":"https:\/\/moakot.is\/en\/wp-json\/wp\/v2\/types\/page"}],"author":[{"embeddable":true,"href":"https:\/\/moakot.is\/en\/wp-json\/wp\/v2\/users\/1"}],"replies":[{"embeddable":true,"href":"https:\/\/moakot.is\/en\/wp-json\/wp\/v2\/comments?post=4710"}],"version-history":[{"count":4,"href":"https:\/\/moakot.is\/en\/wp-json\/wp\/v2\/pages\/4710\/revisions"}],"predecessor-version":[{"id":5616,"href":"https:\/\/moakot.is\/en\/wp-json\/wp\/v2\/pages\/4710\/revisions\/5616"}],"wp:attachment":[{"href":"https:\/\/moakot.is\/en\/wp-json\/wp\/v2\/media?parent=4710"}],"curies":[{"name":"wp","href":"https:\/\/api.w.org\/{rel}","templated":true}]}}