{"id":4562,"date":"2020-12-04T09:40:52","date_gmt":"2020-12-04T09:40:52","guid":{"rendered":"https:\/\/moakot.is\/home\/"},"modified":"2023-11-24T13:08:13","modified_gmt":"2023-11-24T13:08:13","slug":"home","status":"publish","type":"page","link":"https:\/\/moakot.is\/en\/","title":{"rendered":"Home"},"content":{"rendered":"<p>[vc_row bg_color=&#8221;#ffffff&#8221; equal_height=&#8221;yes&#8221; margin_top=&#8221;0&#8243; padding_top=&#8221;50x&#8221; border_top=&#8221;0&#8243;][vc_column align=&#8221;center&#8221; margin_top=&#8221;0px&#8221;][vc_empty_space height=&#8221;80px&#8221;][vc_column_text border_color=&#8221;#ffffff&#8221; border_color_mobile=&#8221;#ffffff&#8221;]<\/p>\n<h2 style=\"text-align: center;\">Welcome<\/h2>\n<p style=\"text-align: center;\">On this page you can buy and download knitting patterns from M\u00f3akot. In our design, we emphasize old traditions and a good choice of materials. Natural materials such as wool, cotton and linen always guarantee you a better result and a garment that will last you longer. Today there is an innumerable supply of good yarn and it is often difficult to choose one over the other. Many knitters have their own favorite yarn and I encourage you dear knitters to take your liberty and choose which yarn you knit our sweaters in. When choosing a different yarn, it is important to follow the knitting gauge provided in the pattern.<\/p>\n<p>[\/vc_column_text][vc_empty_space height=&#8221;80px&#8221; css=&#8221;.vc_custom_1606956571355{border-radius: 35px !important;}&#8221;][vc_column_text spacing_heading=&#8221;&#8221; border_color=&#8221;#ffffff&#8221; spacing_heading_tab=&#8221;&#8221; spacing_heading_mobile=&#8221;&#8221; border_color_mobile=&#8221;#ffffff&#8221;]<\/p>\n<h3 style=\"text-align: center;\">Tjaldur<\/h3>\n<p style=\"text-align: center;\">Knitted from yarn from Gilhaga<\/p>\n<p>[\/vc_column_text][vc_empty_space height=&#8221;50px&#8221;][\/vc_column][\/vc_row][vc_row][vc_column width=&#8221;1\/2&#8243;]<div class=\" agni-image custom-image-container agni-image-default text-left\">\r\n\t\t\t<figure class=\"agni-image-figure\">\r\n\t\t\t\t<a href=\"https:\/\/moakot.is\/en\/product\/tjaldur-2\/\" target=\"_self\" data-size=\"984x1408\"><img decoding=\"async\"  class=\"fullwidth-image attachment-600x1000  \" src=\"https:\/\/moakot.is\/wp-content\/uploads\/2022\/09\/Screenshot-2022-09-04-at-21.48.21-600x1000.png\" width=\"600\" height=\"1000\" alt=\"Screenshot 2022-09-04 at 21.48.21\" title=\"Screenshot 2022-09-04 at 21.48.21\" \/><\/a>\r\n\t\t\t\t<figcaption class=\"vc_figure-caption\"><\/figcaption>\r\n\t\t\t<\/figure>\r\n\t\t<\/div>[vc_empty_space height=&#8221;80px&#8221;][\/vc_column][vc_column width=&#8221;1\/2&#8243;]<div class=\" agni-image custom-image-container agni-image-default text-left\">\r\n\t\t\t<figure class=\"agni-image-figure\">\r\n\t\t\t\t<a href=\"https:\/\/moakot.is\/en\/product\/tjaldur-2\/\" target=\"_self\" data-size=\"1926x2560\"><img decoding=\"async\"  class=\"fullwidth-image attachment-600x1000  \" src=\"https:\/\/moakot.is\/wp-content\/uploads\/2022\/09\/m-scaled-600x1000.jpg\" width=\"600\" height=\"1000\" alt=\"m\" title=\"m\" \/><\/a>\r\n\t\t\t\t<figcaption class=\"vc_figure-caption\"><\/figcaption>\r\n\t\t\t<\/figure>\r\n\t\t<\/div>[vc_empty_space height=&#8221;80px&#8221;][\/vc_column][\/vc_row][vc_row fullwidth=&#8221;has-fullwidth-column&#8221; bg_color=&#8221;#ffffff&#8221; equal_height=&#8221;yes&#8221; margin_right=&#8221;0px&#8221; margin_left=&#8221;0px&#8221; padding_right=&#8221;0px&#8221; padding_left=&#8221;0px&#8221;][vc_column bg_color=&#8221;#f3f2f0&#8243; width=&#8221;1\/2&#8243;][vc_empty_space height=&#8221;80px&#8221;][vc_column_text padding_right=&#8221;50px&#8221; padding_left=&#8221;50px&#8221;]<\/p>\n<h2 style=\"text-align: center;\">New in<\/h2>\n<p style=\"text-align: center;\">L\u00f3a is knitted top-down with a single strand of pl\u00f6tulopi from \u00cdstex. The sweater is extremely light and comfortable. This oversize sweater will keep you warm on cool summer nights.<\/p>\n<p>[\/vc_column_text][vc_empty_space]<div class=\" agni-button  text-center page-scroll\"><a class=\"agni_custom_design_css btn btn-default btn-center\" target=\"_self\" href=\"https:\/\/moakot.is\/litasamsetningar\/\"  >Sko\u00f0a<\/a><\/div>[vc_empty_space height=&#8221;80px&#8221;][\/vc_column][vc_column bg_choice=&#8221;2&#8243; bg_image=&#8221;7000&#8243; bg_image_repeat=&#8221;no-repeat&#8221; width=&#8221;1\/2&#8243; margin_top=&#8221;0px&#8221; margin_right=&#8221;0px&#8221; margin_bottom=&#8221;0px&#8221; margin_left=&#8221;0px&#8221; padding_top=&#8221;50%&#8221; padding_right=&#8221;0px&#8221; padding_bottom=&#8221;0px&#8221; padding_left=&#8221;0px&#8221;][\/vc_column][\/vc_row][vc_row][vc_column][vc_empty_space height=&#8221;50px&#8221;][vc_custom_heading divide_line=&#8221;yes&#8221; text=&#8221;Patterns&#8221; font_container=&#8221;tag:h2|text_align:center&#8221;][vc_empty_space height=&#8221;50px&#8221;]<div class=\"woocommerce columns-3\"><ul class=\"products columns-3 agni-products agni-products-3-column\" style=\"margin: 0 -16px;\" data-shop-grid=\"fitRows\" data-gutter=\"32\">\n<li class=\"shop-column width1x height1x product-category product first\" style=\" margin: 16px 0; padding: 0 16px;\" >\n\t<a aria-label=\"Visit product category Children\" href=\"https:\/\/moakot.is\/en\/category\/patterns-patterns\/children\/\"><div class=\"shop-cat-thumbnail \" ><img decoding=\"async\" src=\"https:\/\/moakot.is\/wp-content\/uploads\/2021\/12\/Screenshot-2021-12-29-at-15.37.05-400x500.png\" alt=\"Children\" width=\"600\" height=\"600\" \/><\/div><h5 class=\"product-category-title\">Children <mark class=\"count\">(4)<\/mark><\/h5><\/a><\/li>\n\n<li class=\"shop-column width1x height1x product-category product\" style=\" margin: 16px 0; padding: 0 16px;\" >\n\t<a aria-label=\"Visit product category Male\" href=\"https:\/\/moakot.is\/en\/category\/patterns-patterns\/male\/\"><div class=\"shop-cat-thumbnail \" ><img decoding=\"async\" src=\"https:\/\/moakot.is\/wp-content\/uploads\/2021\/12\/Screenshot-2021-12-29-at-15.34.39-400x500.png\" alt=\"Male\" width=\"600\" height=\"600\" \/><\/div><h5 class=\"product-category-title\">Male <mark class=\"count\">(6)<\/mark><\/h5><\/a><\/li>\n\n<li class=\"shop-column width1x height1x product-category product last\" style=\" margin: 16px 0; padding: 0 16px;\" >\n\t<a aria-label=\"Visit product category Female\" href=\"https:\/\/moakot.is\/en\/category\/patterns-patterns\/female\/\"><div class=\"shop-cat-thumbnail \" ><img decoding=\"async\" src=\"https:\/\/moakot.is\/wp-content\/uploads\/2021\/12\/N3A0035_pp-1-400x500.jpg\" alt=\"Female\" width=\"600\" height=\"600\" \/><\/div><h5 class=\"product-category-title\">Female <mark class=\"count\">(18)<\/mark><\/h5><\/a><\/li>\n<\/ul><\/div>[vc_empty_space height=&#8221;80px&#8221;][\/vc_column][\/vc_row][vc_row fullwidth=&#8221;has-fullwidth-column&#8221; bg_color=&#8221;#ffffff&#8221; equal_height=&#8221;yes&#8221; margin_right=&#8221;0px&#8221; margin_left=&#8221;0px&#8221; padding_right=&#8221;0px&#8221; padding_left=&#8221;0px&#8221;][vc_column bg_choice=&#8221;2&#8243; bg_image=&#8221;4188&#8243; bg_image_repeat=&#8221;no-repeat&#8221; width=&#8221;1\/2&#8243; margin_top=&#8221;0px&#8221; margin_right=&#8221;0px&#8221; margin_bottom=&#8221;0px&#8221; margin_left=&#8221;0px&#8221; padding_top=&#8221;50%&#8221; padding_right=&#8221;0px&#8221; padding_bottom=&#8221;0px&#8221; padding_left=&#8221;0px&#8221;][\/vc_column][vc_column bg_color=&#8221;#f3f2f0&#8243; width=&#8221;1\/2&#8243;][vc_empty_space height=&#8221;80px&#8221;][vc_column_text padding_right=&#8221;50px&#8221; padding_left=&#8221;50px&#8221;]<\/p>\n<h2 style=\"text-align: center;\">Our story<\/h2>\n<p>&nbsp;<\/p>\n<p style=\"text-align: center;\">Before you start knitting your M\u00f3akot cardigan or sweater I want to tell you the story behind my logo and design. M\u00f3akot is a name of a small farm on Vatnsleysustr\u00f6nd. The farm has now been abandoned for many years but in 1879 my great my great-grandmother, Krist\u00edn J\u00f3nsd\u00f3ttir bought the farm only 20 years old at the time.<\/p>\n<p>[\/vc_column_text][vc_empty_space]<div class=\" agni-button  text-center page-scroll\"><a class=\"agni_custom_design_css btn btn-default btn-center\" target=\"_self\" href=\"https:\/\/moakot.is\/um-okkur\/\"  >Lesa meira<\/a><\/div>[vc_empty_space height=&#8221;80px&#8221;][\/vc_column][\/vc_row][vc_row][vc_column][vc_empty_space height=&#8221;80px&#8221;][\/vc_column][\/vc_row][vc_row][vc_column][\/vc_column][\/vc_row][vc_section][\/vc_section]<\/p>\n","protected":false},"excerpt":{"rendered":"<p>[vc_row bg_color=&#8221;#ffffff&#8221; equal_height=&#8221;yes&#8221; margin_top=&#8221;0&#8243; padding_top=&#8221;50x&#8221; border_top=&#8221;0&#8243;][vc_column align=&#8221;center&#8221; margin_top=&#8221;0px&#8221;][vc_empty_space height=&#8221;80px&#8221;][vc_column_text border_color=&#8221;#ffffff&#8221; border_color_mobile=&#8221;#ffffff&#8221;] Welcome On this page you can buy and download knitting patterns from M\u00f3akot. In our design, we emphasize old traditions and a good choice of materials. Natural materials such as wool, cotton and linen always guarantee you a better result and a garment that [&hellip;]<\/p>\n","protected":false},"author":1,"featured_media":4565,"parent":0,"menu_order":0,"comment_status":"closed","ping_status":"closed","template":"","meta":{"footnotes":""},"class_list":["post-4562","page","type-page","status-publish","has-post-thumbnail","hentry"],"_links":{"self":[{"href":"https:\/\/moakot.is\/en\/wp-json\/wp\/v2\/pages\/4562","targetHints":{"allow":["GET"]}}],"collection":[{"href":"https:\/\/moakot.is\/en\/wp-json\/wp\/v2\/pages"}],"about":[{"href":"https:\/\/moakot.is\/en\/wp-json\/wp\/v2\/types\/page"}],"author":[{"embeddable":true,"href":"https:\/\/moakot.is\/en\/wp-json\/wp\/v2\/users\/1"}],"replies":[{"embeddable":true,"href":"https:\/\/moakot.is\/en\/wp-json\/wp\/v2\/comments?post=4562"}],"version-history":[{"count":83,"href":"https:\/\/moakot.is\/en\/wp-json\/wp\/v2\/pages\/4562\/revisions"}],"predecessor-version":[{"id":8027,"href":"https:\/\/moakot.is\/en\/wp-json\/wp\/v2\/pages\/4562\/revisions\/8027"}],"wp:featuredmedia":[{"embeddable":true,"href":"https:\/\/moakot.is\/en\/wp-json\/wp\/v2\/media\/4565"}],"wp:attachment":[{"href":"https:\/\/moakot.is\/en\/wp-json\/wp\/v2\/media?parent=4562"}],"curies":[{"name":"wp","href":"https:\/\/api.w.org\/{rel}","templated":true}]}}